{"id":10,"date":"2021-01-18T18:49:51","date_gmt":"2021-01-18T17:49:51","guid":{"rendered":"https:\/\/pcycle-piraten.de\/index.php\/home\/"},"modified":"2025-08-05T12:45:51","modified_gmt":"2025-08-05T10:45:51","slug":"home","status":"publish","type":"page","link":"https:\/\/pcycle-piraten.de\/","title":{"rendered":"Home"},"content":{"rendered":"<style type=\"text\/css\">\r\n    .post-slider-area.id-3031 .post-slider-items {\r\n        display: flex;\r\n        flex-direction: column;\r\n        background:#f1f1f1;\r\n    }\r\n    .post-slider-area.id-3031 .owl-item {\r\n        -webkit-transform: unset;\r\n    }\r\n    .post-slider-area.id-3031 .slider-post-thumb-wrap {\r\n        position: relative;\r\n        display: block;\r\n    }\r\n    .post-slider-area.id-3031 .post-slider-content-wrap {\r\n        padding: 25px;\r\n        position: relative;\r\n        display: flex;\r\n        flex-direction: column;\r\n    }\r\n    .post-slider-area.id-3031 .slider-post-thumb-wrap img{\r\n        width: 100%;\r\n        height:270px;\r\n        object-fit: cover;\r\n    }\r\n    .post-slider-area.id-3031 ul.slider-post-cats {}\r\n    .post-slider-area.id-3031 ul.slider-post-cats {\r\n        margin: 0;\r\n        padding: 0;\r\n        list-style: none;\r\n    }\r\n    .post-slider-area.id-3031 ul.slider-post-cats li {\r\n        display: inline-block;\r\n        background: #f1f1f1;\r\n        text-decoration: none;\r\n        outline: none;\r\n        border-radius:15px;\r\n    }\r\n    .post-slider-area.id-3031 ul.slider-post-cats li:hover {\r\n        background: #f1f1f1;\r\n        text-decoration: none;\r\n        outline: none;\r\n    }\r\n    .post-slider-area.id-3031 ul.slider-post-cats li a {\r\n        color:#333;\r\n        text-decoration: none;\r\n        outline: none;\r\n        box-shadow: none;\r\n        display: block;\r\n        font-size: 15px;\r\n        padding: 5px 15px;\r\n        font-weight: 600;\r\n        overflow: hidden;\r\n        line-height: 1.3;\r\n    }\r\n    .post-slider-area.id-3031 ul.slider-post-cats li a:hover {\r\n        color:#333;\r\n    }\r\n    .post-slider-area.id-3031 .post-slider-content-wrap h2.title, \r\n    .post-slider-area.id-3031 .post-slider-content-wrap h2.title a {\r\n        color:#333333;\r\n        font-size: 18px;\r\n        text-align: left;\r\n        font-weight: 600;\r\n        line-height: 1.3;\r\n        margin: 0;\r\n        padding: 0;\r\n        text-decoration: none;\r\n        outline: none;\r\n    }\r\n    .post-slider-area.id-3031 .post-slider-content-wrap h2.title a:hover {\r\n        color:#1e73be;\r\n    }\r\n    .post-slider-area.id-3031 .post-slider-content-wrap p {\r\n        color:#000000;\r\n        font-size: 15px;\r\n        text-align: left;\r\n        display: block;\r\n        overflow: hidden;\r\n        margin: 0;\r\n        padding: 0;\r\n        padding-top: 15px;\r\n    }\r\n    .post-slider-area.id-3031 .post-slider-content-wrap a.tp-read-more{\r\n        display: block;\r\n        overflow: hidden;\r\n        margin: 0;\r\n        padding: 0;\r\n        padding-top:15px;   \r\n    }  \r\n    .post-slider-area.id-3031 .post-meta {\r\n        font-size: 15px;\r\n        padding-top: 15px;\r\n    }\r\n    .post-slider-area.id-3031 .post-meta ul {\r\n        display: flex;\r\n        flex-wrap: wrap;\r\n        align-items: center;\r\n        column-gap: 10px;\r\n        margin: 0;\r\n        padding: 0;\r\n        list-style: none;\r\n    }\r\n    .post-slider-area.id-3031 li.post-author {}\r\n    .post-slider-area.id-3031 li i.fa {\r\n        margin-right:5px;\r\n    }\r\n    .post-slider-area.id-3031 li.post-author a {\r\n        color:#333;\r\n        font-size: 12px;\r\n        margin: 0;\r\n        padding: 0;\r\n        text-decoration: none;\r\n        text-transform: capitalize;\r\n        outline: none;\r\n    }\r\n    .post-slider-area.id-3031 li.post-date {\r\n        color:#333;\r\n        font-size: 12px;\r\n        margin: 0;\r\n        padding: 0;\r\n    }\r\n    .post-slider-area.id-3031 li.post-comments {\r\n        color:#333;\r\n        font-size: 12px;\r\n        margin: 0;\r\n        padding: 0;\r\n    }\r\n    .post-slider-area.id-3031 a.tp-read-more {\r\n        color:#000;\r\n    }\r\n    .post-slider-area.id-3031 a.tp-read-more:hover {\r\n        color:#1e73be;\r\n    }\r\n         \r\n        .post-slider-area.id-3031 .owl-dots{\r\n            display: block;\r\n            text-align: center;\r\n            width: 100%;\r\n            overflow: hidden;\r\n            margin: 0;\r\n            margin-top: 10px;\r\n            padding: 0;\r\n        }\r\n        .post-slider-area.id-3031 .owl-dots .owl-dot{\r\n            width: 10px;\r\n            height: 10px;\r\n            display: inline-block;\r\n            position: relative;\r\n            background: #787878 !important;\r\n            margin: 0px 4px;\r\n            border-radius: 50%;\r\n        }\r\n        .post-slider-area.id-3031 .owl-dots .owl-dot.active{\r\n            background: #1e73be !important;\r\n        }\r\n        .post-slider-area.id-3031 .owl-dots{\r\n            text-align:center;\r\n        }\r\n    <\/style>\r\n\r\n<script type=\"text\/javascript\">\r\n    jQuery(document).ready(function($){\r\n        $(\".post-slider-area.id-3031\").owlCarousel({\r\n            lazyLoad: true,\r\n            items:3,\r\n            autoHeight:true,\r\n            loop: true,\r\n            margin: 10,\r\n            autoplay: true,\r\n            autoplaySpeed: 3000,\r\n            autoplayTimeout: 1000,\r\n            autoplayHoverPause: true,\r\n            nav : false,\r\n            dots: true,\r\n            navText: ['<i class=\"fa fa-angle-right\"><\/i>', '<i class=\"fa fa-angle-left\"><\/i>'],\r\n            smartSpeed: 450,\r\n            clone:true,\r\n            responsive:{\r\n                0:{\r\n                  items:1,\r\n                },\r\n                678:{\r\n                  items:1,\r\n                },\r\n                980:{\r\n                  items:3,\r\n                },\r\n                1199:{\r\n                  items:3,\r\n                }\r\n            }\r\n        });\r\n    });\r\n<\/script>\r\n\r\n<div class=\"post-slider-area id-3031 owl-carousel\">\r\n\t\t\t<div class=\"post-slider-items\">\r\n\t\t\t\t\t\t\t<div class=\"slider-post-thumb-wrap\">\r\n\t\t\t\t\t<a href=\"https:\/\/pcycle-piraten.de\/index.php\/2022\/08\/19\/ehrenamtspreis-pcycle-in-der-finalrunde-und-im-fernsehen\/\"><img loading=\"lazy\" decoding=\"async\" width=\"615\" height=\"422\" src=\"https:\/\/pcycle-piraten.de\/wp-content\/uploads\/2022\/08\/Gewinnerfoto_Marius-Henkel-scaled-2-e1661858911183.jpg\" class=\"attachment-post-thumbnail size-post-thumbnail wp-post-image\" alt=\"\" srcset=\"https:\/\/pcycle-piraten.de\/wp-content\/uploads\/2022\/08\/Gewinnerfoto_Marius-Henkel-scaled-2-e1661858911183.jpg 615w, https:\/\/pcycle-piraten.de\/wp-content\/uploads\/2022\/08\/Gewinnerfoto_Marius-Henkel-scaled-2-e1661858911183-300x206.jpg 300w\" sizes=\"auto, (max-width: 615px) 100vw, 615px\" \/><\/a>\r\n\t\t\t\t<\/div>\r\n\t\t\t\t\t\t<div class=\"post-slider-content-wrap\">\r\n                                \r\n\t\t\t\t<h2 class=\"title\"><a href=\"https:\/\/pcycle-piraten.de\/index.php\/2022\/08\/19\/ehrenamtspreis-pcycle-in-der-finalrunde-und-im-fernsehen\/\"> Wir haben den Dortmunder Ehrenamtspreis gewonnen! Und sind im WDR zu sehen <\/a><\/h2>\r\n                                <p class=\"blog-text\">Juhuu, wir haben gewonnen! Am 22.08.2022 wurde uns der Ehrenamtspreis \u201cEngagement anerkennen\u201d der Kategorie \u201cGemeinschaft st\u00e4rken\u201d [\u2026]<\/p>\r\n\r\n                                    <a class=\"tp-read-more\" href=\"https:\/\/pcycle-piraten.de\/index.php\/2022\/08\/19\/ehrenamtspreis-pcycle-in-der-finalrunde-und-im-fernsehen\/\">\r\n                        Read More                    <\/a>\r\n                \r\n\t\t\t\t<div class=\"post-meta\">\r\n\t\t\t\t\t<ul>\r\n                                                                        \t\t\t\t\t<\/ul>\r\n\t\t\t\t<\/div>\r\n\t\t\t<\/div>\r\n\t\t<\/div>\r\n\t\t\t<div class=\"post-slider-items\">\r\n\t\t\t\t\t\t\t<div class=\"slider-post-thumb-wrap\">\r\n\t\t\t\t\t<a href=\"https:\/\/pcycle-piraten.de\/index.php\/2022\/04\/24\/endlich-wieder-pcschruben\/\"><img loading=\"lazy\" decoding=\"async\" width=\"597\" height=\"422\" src=\"https:\/\/pcycle-piraten.de\/wp-content\/uploads\/2022\/04\/geht-los-titel.jpg\" class=\"attachment-post-thumbnail size-post-thumbnail wp-post-image\" alt=\"\" srcset=\"https:\/\/pcycle-piraten.de\/wp-content\/uploads\/2022\/04\/geht-los-titel.jpg 597w, https:\/\/pcycle-piraten.de\/wp-content\/uploads\/2022\/04\/geht-los-titel-300x212.jpg 300w\" sizes=\"auto, (max-width: 597px) 100vw, 597px\" \/><\/a>\r\n\t\t\t\t<\/div>\r\n\t\t\t\t\t\t<div class=\"post-slider-content-wrap\">\r\n                                \r\n\t\t\t\t<h2 class=\"title\"><a href=\"https:\/\/pcycle-piraten.de\/index.php\/2022\/04\/24\/endlich-wieder-pcschruben\/\"> Endlich wieder PCschr@uben! <\/a><\/h2>\r\n                                <p class=\"blog-text\">Nach fast zwei Jahren ist es wieder m\u00f6glich, das wir uns wieder pers\u00f6nlich treffen k\u00f6nnen. Jeden Mittwoch treffen wir uns<\/p>\r\n\r\n                                    <a class=\"tp-read-more\" href=\"https:\/\/pcycle-piraten.de\/index.php\/2022\/04\/24\/endlich-wieder-pcschruben\/\">\r\n                        Read More                    <\/a>\r\n                \r\n\t\t\t\t<div class=\"post-meta\">\r\n\t\t\t\t\t<ul>\r\n                                                                        \t\t\t\t\t<\/ul>\r\n\t\t\t\t<\/div>\r\n\t\t\t<\/div>\r\n\t\t<\/div>\r\n\t\t\t<div class=\"post-slider-items\">\r\n\t\t\t\t\t\t\t<div class=\"slider-post-thumb-wrap\">\r\n\t\t\t\t\t<a href=\"https:\/\/pcycle-piraten.de\/index.php\/2022\/04\/02\/we-have-a-dream\/\"><img loading=\"lazy\" decoding=\"async\" width=\"545\" height=\"422\" src=\"https:\/\/pcycle-piraten.de\/wp-content\/uploads\/2022\/04\/Titel-lastenrad-1.jpg\" class=\"attachment-post-thumbnail size-post-thumbnail wp-post-image\" alt=\"\" srcset=\"https:\/\/pcycle-piraten.de\/wp-content\/uploads\/2022\/04\/Titel-lastenrad-1.jpg 545w, https:\/\/pcycle-piraten.de\/wp-content\/uploads\/2022\/04\/Titel-lastenrad-1-300x232.jpg 300w\" sizes=\"auto, (max-width: 545px) 100vw, 545px\" \/><\/a>\r\n\t\t\t\t<\/div>\r\n\t\t\t\t\t\t<div class=\"post-slider-content-wrap\">\r\n                                \r\n\t\t\t\t<h2 class=\"title\"><a href=\"https:\/\/pcycle-piraten.de\/index.php\/2022\/04\/02\/we-have-a-dream\/\"> We have a dream! (Aktualisiert 30.4.22) <\/a><\/h2>\r\n                                <p class=\"blog-text\">Frei nach Martin Luther King, haben wir unseren lange gehegten Traum betitelt. Eine wichtige S\u00e4ule unserer PCycle-Piraten-Philosophie ist [\u2026]<\/p>\r\n\r\n                                    <a class=\"tp-read-more\" href=\"https:\/\/pcycle-piraten.de\/index.php\/2022\/04\/02\/we-have-a-dream\/\">\r\n                        Read More                    <\/a>\r\n                \r\n\t\t\t\t<div class=\"post-meta\">\r\n\t\t\t\t\t<ul>\r\n                                                                        \t\t\t\t\t<\/ul>\r\n\t\t\t\t<\/div>\r\n\t\t\t<\/div>\r\n\t\t<\/div>\r\n\t\t\t<div class=\"post-slider-items\">\r\n\t\t\t\t\t\t\t<div class=\"slider-post-thumb-wrap\">\r\n\t\t\t\t\t<a href=\"https:\/\/pcycle-piraten.de\/index.php\/2021\/06\/21\/warum-eigentlich-linux-und-nicht-windows-werden-wir-immer-gerne-gefragt\/\"><img loading=\"lazy\" decoding=\"async\" width=\"596\" height=\"422\" src=\"https:\/\/pcycle-piraten.de\/wp-content\/uploads\/2021\/06\/linux2-e1649118585321.jpg\" class=\"attachment-post-thumbnail size-post-thumbnail wp-post-image\" alt=\"\" \/><\/a>\r\n\t\t\t\t<\/div>\r\n\t\t\t\t\t\t<div class=\"post-slider-content-wrap\">\r\n                                \r\n\t\t\t\t<h2 class=\"title\"><a href=\"https:\/\/pcycle-piraten.de\/index.php\/2021\/06\/21\/warum-eigentlich-linux-und-nicht-windows-werden-wir-immer-gerne-gefragt\/\"> &#8220;Warum eigentlich Linux und                 nicht Windows?&#8221; werden wir                immer gerne gefragt! <\/a><\/h2>\r\n                                <p class=\"blog-text\">Wir sind eine Initiative, die ohne Geld einzusetzen funktioniert [\u2026]<\/p>\r\n\r\n                                    <a class=\"tp-read-more\" href=\"https:\/\/pcycle-piraten.de\/index.php\/2021\/06\/21\/warum-eigentlich-linux-und-nicht-windows-werden-wir-immer-gerne-gefragt\/\">\r\n                        Read More                    <\/a>\r\n                \r\n\t\t\t\t<div class=\"post-meta\">\r\n\t\t\t\t\t<ul>\r\n                                                                        \t\t\t\t\t<\/ul>\r\n\t\t\t\t<\/div>\r\n\t\t\t<\/div>\r\n\t\t<\/div>\r\n\t\t\t<div class=\"post-slider-items\">\r\n\t\t\t\t\t\t\t<div class=\"slider-post-thumb-wrap\">\r\n\t\t\t\t\t<a href=\"https:\/\/pcycle-piraten.de\/index.php\/2021\/05\/11\/wie-entstand-die-dortmunder-googlekiste\/\"><img loading=\"lazy\" decoding=\"async\" width=\"750\" height=\"422\" src=\"https:\/\/pcycle-piraten.de\/wp-content\/uploads\/2021\/05\/IMG_20210506_1401guugel-scaled-e1649117956688.jpg\" class=\"attachment-post-thumbnail size-post-thumbnail wp-post-image\" alt=\"\" \/><\/a>\r\n\t\t\t\t<\/div>\r\n\t\t\t\t\t\t<div class=\"post-slider-content-wrap\">\r\n                                \r\n\t\t\t\t<h2 class=\"title\"><a href=\"https:\/\/pcycle-piraten.de\/index.php\/2021\/05\/11\/wie-entstand-die-dortmunder-googlekiste\/\"> Wie entstand die Idee der &#8220;Dortmunder Guugelkiste&#8221;? &#8220;Mit neuen Folgen! Jan.2022&#8221; <\/a><\/h2>\r\n                                <p class=\"blog-text\">Im Mai 2017 holte uns Thommy, der Quatiersmanager aus Brambauer, in sein Revier.<\/p>\r\n\r\n                                    <a class=\"tp-read-more\" href=\"https:\/\/pcycle-piraten.de\/index.php\/2021\/05\/11\/wie-entstand-die-dortmunder-googlekiste\/\">\r\n                        Read More                    <\/a>\r\n                \r\n\t\t\t\t<div class=\"post-meta\">\r\n\t\t\t\t\t<ul>\r\n                                                                        \t\t\t\t\t<\/ul>\r\n\t\t\t\t<\/div>\r\n\t\t\t<\/div>\r\n\t\t<\/div>\r\n\t\t\t<div class=\"post-slider-items\">\r\n\t\t\t\t\t\t\t<div class=\"slider-post-thumb-wrap\">\r\n\t\t\t\t\t<a href=\"https:\/\/pcycle-piraten.de\/index.php\/2021\/02\/11\/was-ist-discord-und-wie-funktioniert-es\/\"><img loading=\"lazy\" decoding=\"async\" width=\"750\" height=\"500\" src=\"https:\/\/pcycle-piraten.de\/wp-content\/uploads\/2021\/02\/discord-logo-880x587-1.png\" class=\"attachment-post-thumbnail size-post-thumbnail wp-post-image\" alt=\"\" srcset=\"https:\/\/pcycle-piraten.de\/wp-content\/uploads\/2021\/02\/discord-logo-880x587-1.png 750w, https:\/\/pcycle-piraten.de\/wp-content\/uploads\/2021\/02\/discord-logo-880x587-1-300x200.png 300w\" sizes=\"auto, (max-width: 750px) 100vw, 750px\" \/><\/a>\r\n\t\t\t\t<\/div>\r\n\t\t\t\t\t\t<div class=\"post-slider-content-wrap\">\r\n                                \r\n\t\t\t\t<h2 class=\"title\"><a href=\"https:\/\/pcycle-piraten.de\/index.php\/2021\/02\/11\/was-ist-discord-und-wie-funktioniert-es\/\"> Was ist  Discord  und wie funktioniert es? <\/a><\/h2>\r\n                                <p class=\"blog-text\">Discord ist ein Onlinedienst f\u00fcr\u00a0 Instant-Messaging mit Sprach- und Videokonferenz. Es ist ein sicherer und [\u2026]<\/p>\r\n\r\n                                    <a class=\"tp-read-more\" href=\"https:\/\/pcycle-piraten.de\/index.php\/2021\/02\/11\/was-ist-discord-und-wie-funktioniert-es\/\">\r\n                        Read More                    <\/a>\r\n                \r\n\t\t\t\t<div class=\"post-meta\">\r\n\t\t\t\t\t<ul>\r\n                                                                        \t\t\t\t\t<\/ul>\r\n\t\t\t\t<\/div>\r\n\t\t\t<\/div>\r\n\t\t<\/div>\r\n\t\t\t<div class=\"post-slider-items\">\r\n\t\t\t\t\t\t\t<div class=\"slider-post-thumb-wrap\">\r\n\t\t\t\t\t<a href=\"https:\/\/pcycle-piraten.de\/index.php\/2021\/02\/05\/__trashed-3\/\"><img loading=\"lazy\" decoding=\"async\" width=\"750\" height=\"422\" src=\"https:\/\/pcycle-piraten.de\/wp-content\/uploads\/2021\/02\/2019-07-03-19.51.50-Klein-e1649118677384.jpg\" class=\"attachment-post-thumbnail size-post-thumbnail wp-post-image\" alt=\"\" \/><\/a>\r\n\t\t\t\t<\/div>\r\n\t\t\t\t\t\t<div class=\"post-slider-content-wrap\">\r\n                                \r\n\t\t\t\t<h2 class=\"title\"><a href=\"https:\/\/pcycle-piraten.de\/index.php\/2021\/02\/05\/__trashed-3\/\"> Kitchen (Im)possible &#8211; wenn die PC-Liebe auch durch den Magen geht! <\/a><\/h2>\r\n                                <p class=\"blog-text\">Anfang 2017 wurde unsere Initiative von Jugendlichen aus der Noah-Gemeinde, bei der wir R\u00e4umlichkeiten erhielten, friedlich geentert. [\u2026]<\/p>\r\n\r\n                                    <a class=\"tp-read-more\" href=\"https:\/\/pcycle-piraten.de\/index.php\/2021\/02\/05\/__trashed-3\/\">\r\n                        Read More                    <\/a>\r\n                \r\n\t\t\t\t<div class=\"post-meta\">\r\n\t\t\t\t\t<ul>\r\n                                                                        \t\t\t\t\t<\/ul>\r\n\t\t\t\t<\/div>\r\n\t\t\t<\/div>\r\n\t\t<\/div>\r\n\t\t\t<div class=\"post-slider-items\">\r\n\t\t\t\t\t\t\t<div class=\"slider-post-thumb-wrap\">\r\n\t\t\t\t\t<a href=\"https:\/\/pcycle-piraten.de\/index.php\/2021\/02\/03\/kommen-wir-jetzt-ins-fernsehen\/\"><img loading=\"lazy\" decoding=\"async\" width=\"703\" height=\"422\" src=\"https:\/\/pcycle-piraten.de\/wp-content\/uploads\/2021\/02\/Bildschirmfoto-2021-02-03-um-15.59.23-e1649118117878.png\" class=\"attachment-post-thumbnail size-post-thumbnail wp-post-image\" alt=\"\" \/><\/a>\r\n\t\t\t\t<\/div>\r\n\t\t\t\t\t\t<div class=\"post-slider-content-wrap\">\r\n                                \r\n\t\t\t\t<h2 class=\"title\"><a href=\"https:\/\/pcycle-piraten.de\/index.php\/2021\/02\/03\/kommen-wir-jetzt-ins-fernsehen\/\"> &#8220;Kommen wir jetzt ins Fernsehen?&#8221; <\/a><\/h2>\r\n                                <p class=\"blog-text\">Wenn man\/frau Gutes tut, f\u00e4llt das irgendwann einmal auf. Bei uns war das Ende 2019, als pl\u00f6tzlich der WDR [\u2026]<\/p>\r\n\r\n                                    <a class=\"tp-read-more\" href=\"https:\/\/pcycle-piraten.de\/index.php\/2021\/02\/03\/kommen-wir-jetzt-ins-fernsehen\/\">\r\n                        Read More                    <\/a>\r\n                \r\n\t\t\t\t<div class=\"post-meta\">\r\n\t\t\t\t\t<ul>\r\n                                                                        \t\t\t\t\t<\/ul>\r\n\t\t\t\t<\/div>\r\n\t\t\t<\/div>\r\n\t\t<\/div>\r\n\t\t\t<div class=\"post-slider-items\">\r\n\t\t\t\t\t\t\t<div class=\"slider-post-thumb-wrap\">\r\n\t\t\t\t\t<a href=\"https:\/\/pcycle-piraten.de\/index.php\/2021\/01\/18\/beitrag-im-nordstadtblogger\/\"><img loading=\"lazy\" decoding=\"async\" width=\"672\" height=\"422\" src=\"https:\/\/pcycle-piraten.de\/wp-content\/uploads\/2021\/01\/piraten-pcschrauber-7-e1649118182449.jpg\" class=\"attachment-post-thumbnail size-post-thumbnail wp-post-image\" alt=\"\" \/><\/a>\r\n\t\t\t\t<\/div>\r\n\t\t\t\t\t\t<div class=\"post-slider-content-wrap\">\r\n                                \r\n\t\t\t\t<h2 class=\"title\"><a href=\"https:\/\/pcycle-piraten.de\/index.php\/2021\/01\/18\/beitrag-im-nordstadtblogger\/\"> Beitrag im Nordstadtblogger <\/a><\/h2>\r\n                                <p class=\"blog-text\">Am 28.11.2019 ver\u00f6ffentlichte der Dortmunder Nordstadtblogger einen sehr gelungenen und lesenswerten Bericht \u00fcber uns.<\/p>\r\n\r\n                                    <a class=\"tp-read-more\" href=\"https:\/\/pcycle-piraten.de\/index.php\/2021\/01\/18\/beitrag-im-nordstadtblogger\/\">\r\n                        Read More                    <\/a>\r\n                \r\n\t\t\t\t<div class=\"post-meta\">\r\n\t\t\t\t\t<ul>\r\n                                                                        \t\t\t\t\t<\/ul>\r\n\t\t\t\t<\/div>\r\n\t\t\t<\/div>\r\n\t\t<\/div>\r\n\t<\/div>\r\n\n\n\n\n<p>fdkfdkljgkjdjk<\/p>\n\n\n\n<p><\/p>\n","protected":false},"excerpt":{"rendered":"<p>fdkfdkljgkjdjk<\/p>\n","protected":false},"author":1,"featured_media":0,"parent":0,"menu_order":0,"comment_status":"closed","ping_status":"closed","template":"template-homepage.php","meta":{"footnotes":""},"class_list":["post-10","page","type-page","status-publish","hentry"],"_links":{"self":[{"href":"https:\/\/pcycle-piraten.de\/index.php\/wp-json\/wp\/v2\/pages\/10","targetHints":{"allow":["GET"]}}],"collection":[{"href":"https:\/\/pcycle-piraten.de\/index.php\/wp-json\/wp\/v2\/pages"}],"about":[{"href":"https:\/\/pcycle-piraten.de\/index.php\/wp-json\/wp\/v2\/types\/page"}],"author":[{"embeddable":true,"href":"https:\/\/pcycle-piraten.de\/index.php\/wp-json\/wp\/v2\/users\/1"}],"replies":[{"embeddable":true,"href":"https:\/\/pcycle-piraten.de\/index.php\/wp-json\/wp\/v2\/comments?post=10"}],"version-history":[{"count":5,"href":"https:\/\/pcycle-piraten.de\/index.php\/wp-json\/wp\/v2\/pages\/10\/revisions"}],"predecessor-version":[{"id":3039,"href":"https:\/\/pcycle-piraten.de\/index.php\/wp-json\/wp\/v2\/pages\/10\/revisions\/3039"}],"wp:attachment":[{"href":"https:\/\/pcycle-piraten.de\/index.php\/wp-json\/wp\/v2\/media?parent=10"}],"curies":[{"name":"wp","href":"https:\/\/api.w.org\/{rel}","templated":true}]}}